{"id":37,"date":"2026-01-18T12:04:14","date_gmt":"2026-01-18T12:04:14","guid":{"rendered":"https:\/\/buehne12.ch\/?page_id=37"},"modified":"2026-02-27T18:48:35","modified_gmt":"2026-02-27T18:48:35","slug":"ueber-uns","status":"publish","type":"page","link":"https:\/\/buehne12.ch\/?page_id=37","title":{"rendered":"\u00dcber uns"},"content":{"rendered":"<style>.kb-row-layout-id37_fb7607-34 > .kt-row-column-wrap{align-content:start;}:where(.kb-row-layout-id37_fb7607-34 > .kt-row-column-wrap) > .wp-block-kadence-column{justify-content:start;}.kb-row-layout-id37_fb7607-34 > .kt-row-column-wrap{column-gap:var(--global-kb-gap-md, 2rem);row-gap:var(--global-kb-gap-md, 2rem);padding-top:var(--global-kb-spacing-sm, 1.5rem);padding-bottom:var(--global-kb-spacing-sm, 1.5rem);grid-template-columns:minmax(0, 1fr);}.kb-row-layout-id37_fb7607-34 > .kt-row-layout-overlay{opacity:0.30;}@media all and (max-width: 1024px){.kb-row-layout-id37_fb7607-34 > .kt-row-column-wrap{grid-template-columns:minmax(0, 1fr);}}@media all and (max-width: 767px){.kb-row-layout-id37_fb7607-34 > .kt-row-column-wrap{grid-template-columns:minmax(0, 1fr);}}<\/style><div class=\"kb-row-layout-wrap kb-row-layout-id37_fb7607-34 alignnone wp-block-kadence-rowlayout\"><div class=\"kt-row-column-wrap kt-has-1-columns kt-row-layout-equal kt-tab-layout-inherit kt-mobile-layout-row kt-row-valign-top\">\n<style>.kadence-column37_290882-34 > .kt-inside-inner-col,.kadence-column37_290882-34 > .kt-inside-inner-col:before{border-top-left-radius:0px;border-top-right-radius:0px;border-bottom-right-radius:0px;border-bottom-left-radius:0px;}.kadence-column37_290882-34 > .kt-inside-inner-col{column-gap:var(--global-kb-gap-sm, 1rem);}.kadence-column37_290882-34 > .kt-inside-inner-col{flex-direction:column;}.kadence-column37_290882-34 > .kt-inside-inner-col > .aligncenter{width:100%;}.kadence-column37_290882-34 > .kt-inside-inner-col:before{opacity:0.3;}.kadence-column37_290882-34{position:relative;}@media all and (max-width: 1024px){.kadence-column37_290882-34 > .kt-inside-inner-col{flex-direction:column;justify-content:center;}}@media all and (max-width: 767px){.kadence-column37_290882-34 > .kt-inside-inner-col{flex-direction:column;justify-content:center;}}<\/style>\n<div class=\"wp-block-kadence-column kadence-column37_290882-34\"><div class=\"kt-inside-inner-col\"><style>.kadence-column37_09d210-c5 > .kt-inside-inner-col,.kadence-column37_09d210-c5 > .kt-inside-inner-col:before{border-top-left-radius:0px;border-top-right-radius:0px;border-bottom-right-radius:0px;border-bottom-left-radius:0px;}.kadence-column37_09d210-c5 > .kt-inside-inner-col{column-gap:var(--global-kb-gap-sm, 1rem);}.kadence-column37_09d210-c5 > .kt-inside-inner-col{flex-direction:column;}.kadence-column37_09d210-c5 > .kt-inside-inner-col > .aligncenter{width:100%;}.kadence-column37_09d210-c5 > .kt-inside-inner-col:before{opacity:0.3;}.kadence-column37_09d210-c5{position:relative;}@media all and (max-width: 1024px){.kadence-column37_09d210-c5 > .kt-inside-inner-col{flex-direction:column;justify-content:center;}}@media all and (max-width: 767px){.kadence-column37_09d210-c5 > .kt-inside-inner-col{flex-direction:column;justify-content:center;}}<\/style>\n<div class=\"wp-block-kadence-column kadence-column37_09d210-c5\"><div class=\"kt-inside-inner-col\"><style>.wp-block-kadence-advancedheading.kt-adv-heading37_917cdf-be, .wp-block-kadence-advancedheading.kt-adv-heading37_917cdf-be[data-kb-block=\"kb-adv-heading37_917cdf-be\"]{font-style:normal;}.wp-block-kadence-advancedheading.kt-adv-heading37_917cdf-be mark.kt-highlight, .wp-block-kadence-advancedheading.kt-adv-heading37_917cdf-be[data-kb-block=\"kb-adv-heading37_917cdf-be\"] mark.kt-highlight{font-style:normal;color:#f76a0c;-webkit-box-decoration-break:clone;box-decoration-break:clone;padding-top:0px;padding-right:0px;padding-bottom:0px;padding-left:0px;}.wp-block-kadence-advancedheading.kt-adv-heading37_917cdf-be img.kb-inline-image, .wp-block-kadence-advancedheading.kt-adv-heading37_917cdf-be[data-kb-block=\"kb-adv-heading37_917cdf-be\"] img.kb-inline-image{width:150px;vertical-align:baseline;}<\/style>\n<h2 class=\"kt-adv-heading37_917cdf-be wp-block-kadence-advancedheading\" data-kb-block=\"kb-adv-heading37_917cdf-be\">Wir sind B\u00dcHNE12<\/h2>\n<\/div><\/div>\n<\/div><\/div>\n\n<\/div><\/div>\n\n\n<p>Der Theaterverein B\u00dcHNE12 ist aus zwei grossen Freilichttheater-Projekten entstanden, die in L\u00e4ufelfingen im SiLO12 f\u00fcr Begeisterung sorgten: der modernen Adaption von Lysistrata sowie dem eigens entwickelten St\u00fcck Hauenstein, das uns auf eine historische Reise durch die Entwicklung von L\u00e4ufelfingen mitnahm.<\/p>\n\n\n\n<p>Bei B\u00dcHNE12 stehen Menschen zwischen 18 und 90 Jahren gemeinsam auf der B\u00fchne \u2013 mit Spielfreude, Musik, Gesang und einer grossen Portion Teamgeist. Unsere Produktionen sind lebendig, \u00fcberraschend und immer mit Herzblut gemacht. Bis zu 40 Mitwirkende bringen dabei Geschichten auf die Freilichtb\u00fchne und sorgen f\u00fcr besondere Theaterabende.<\/p>\n\n\n\n<p>Damit wollen wir Kultur f\u00fcr die Region schaffen &#8211; f\u00fcr alle, die Lust auf Theater haben oder einfach nur einen besonderen Abend erleben m\u00f6chten.<\/p>\n\n\n\n<p>Als B\u00dcHNE 12 stehen wir f\u00fcr Kreativit\u00e4t, Gemeinschaft und den Mut, Grosses auf die Beine zu stellen.<\/p>\n\n\n\n<p>Und das Beste: Wir freuen uns immer \u00fcber neue Gesichter, die mit uns Theater machen wollen: Egal ob als als Schauspieler:in, Zuschauer:in, Helfer:in, Sponsor oder G\u00f6nner:inn.<\/p>\n\n\n\n<p><\/p>\n\n\n\n<p><\/p>\n","protected":false},"excerpt":{"rendered":"<p>Wir sind B\u00dcHNE12 Der Theaterverein B\u00dcHNE12 ist aus zwei grossen Freilichttheater-Projekten entstanden, die in L\u00e4ufelfingen im SiLO12 f\u00fcr Begeisterung sorgten: der modernen Adaption von Lysistrata sowie dem eigens entwickelten St\u00fcck Hauenstein, das uns auf eine historische Reise durch die Entwicklung von L\u00e4ufelfingen mitnahm. Bei B\u00dcHNE12 stehen Menschen zwischen 18 und 90 Jahren gemeinsam auf der&#8230;<\/p>\n","protected":false},"author":2,"featured_media":0,"parent":0,"menu_order":0,"comment_status":"closed","ping_status":"closed","template":"","meta":{"_kadence_starter_templates_imported_post":false,"_kad_post_transparent":"","_kad_post_title":"","_kad_post_layout":"","_kad_post_sidebar_id":"","_kad_post_content_style":"","_kad_post_vertical_padding":"","_kad_post_feature":"","_kad_post_feature_position":"","_kad_post_header":false,"_kad_post_footer":false,"_kad_post_classname":"","footnotes":""},"class_list":["post-37","page","type-page","status-publish","hentry"],"yoast_head":"<!-- This site is optimized with the Yoast SEO plugin v27.2 - https:\/\/yoast.com\/product\/yoast-seo-wordpress\/ -->\n<title>\u00dcber uns - B\u00dcHNE12<\/title>\n<meta name=\"robots\" content=\"index, follow, max-snippet:-1, max-image-preview:large, max-video-preview:-1\" \/>\n<link rel=\"canonical\" href=\"https:\/\/buehne12.ch\/?page_id=37\" \/>\n<meta property=\"og:locale\" content=\"de_DE\" \/>\n<meta property=\"og:type\" content=\"article\" \/>\n<meta property=\"og:title\" content=\"\u00dcber uns - B\u00dcHNE12\" \/>\n<meta property=\"og:description\" content=\"Wir sind B\u00dcHNE12 Der Theaterverein B\u00dcHNE12 ist aus zwei grossen Freilichttheater-Projekten entstanden, die in L\u00e4ufelfingen im SiLO12 f\u00fcr Begeisterung sorgten: der modernen Adaption von Lysistrata sowie dem eigens entwickelten St\u00fcck Hauenstein, das uns auf eine historische Reise durch die Entwicklung von L\u00e4ufelfingen mitnahm. Bei B\u00dcHNE12 stehen Menschen zwischen 18 und 90 Jahren gemeinsam auf der...\" \/>\n<meta property=\"og:url\" content=\"https:\/\/buehne12.ch\/?page_id=37\" \/>\n<meta property=\"og:site_name\" content=\"B\u00dcHNE12\" \/>\n<meta property=\"article:modified_time\" content=\"2026-02-27T18:48:35+00:00\" \/>\n<meta name=\"twitter:card\" content=\"summary_large_image\" \/>\n<meta name=\"twitter:label1\" content=\"Gesch\u00e4tzte Lesezeit\" \/>\n\t<meta name=\"twitter:data1\" content=\"1\u00a0Minute\" \/>\n<script type=\"application\/ld+json\" class=\"yoast-schema-graph\">{\"@context\":\"https:\/\/schema.org\",\"@graph\":[{\"@type\":\"WebPage\",\"@id\":\"https:\/\/buehne12.ch\/?page_id=37\",\"url\":\"https:\/\/buehne12.ch\/?page_id=37\",\"name\":\"\u00dcber uns - B\u00dcHNE12\",\"isPartOf\":{\"@id\":\"https:\/\/buehne12.ch\/#website\"},\"datePublished\":\"2026-01-18T12:04:14+00:00\",\"dateModified\":\"2026-02-27T18:48:35+00:00\",\"breadcrumb\":{\"@id\":\"https:\/\/buehne12.ch\/?page_id=37#breadcrumb\"},\"inLanguage\":\"de-CH\",\"potentialAction\":[{\"@type\":\"ReadAction\",\"target\":[\"https:\/\/buehne12.ch\/?page_id=37\"]}]},{\"@type\":\"BreadcrumbList\",\"@id\":\"https:\/\/buehne12.ch\/?page_id=37#breadcrumb\",\"itemListElement\":[{\"@type\":\"ListItem\",\"position\":1,\"name\":\"Startseite\",\"item\":\"https:\/\/buehne12.ch\/\"},{\"@type\":\"ListItem\",\"position\":2,\"name\":\"\u00dcber uns\"}]},{\"@type\":\"WebSite\",\"@id\":\"https:\/\/buehne12.ch\/#website\",\"url\":\"https:\/\/buehne12.ch\/\",\"name\":\"B\u00dcHNE12\",\"description\":\"\",\"publisher\":{\"@id\":\"https:\/\/buehne12.ch\/#organization\"},\"potentialAction\":[{\"@type\":\"SearchAction\",\"target\":{\"@type\":\"EntryPoint\",\"urlTemplate\":\"https:\/\/buehne12.ch\/?s={search_term_string}\"},\"query-input\":{\"@type\":\"PropertyValueSpecification\",\"valueRequired\":true,\"valueName\":\"search_term_string\"}}],\"inLanguage\":\"de-CH\"},{\"@type\":\"Organization\",\"@id\":\"https:\/\/buehne12.ch\/#organization\",\"name\":\"B\u00dcHNE12\",\"url\":\"https:\/\/buehne12.ch\/\",\"logo\":{\"@type\":\"ImageObject\",\"inLanguage\":\"de-CH\",\"@id\":\"https:\/\/buehne12.ch\/#\/schema\/logo\/image\/\",\"url\":\"https:\/\/buehne12.ch\/wp-content\/uploads\/2026\/01\/cropped-cropped-buehne12_webicon.jpg\",\"contentUrl\":\"https:\/\/buehne12.ch\/wp-content\/uploads\/2026\/01\/cropped-cropped-buehne12_webicon.jpg\",\"width\":512,\"height\":259,\"caption\":\"B\u00dcHNE12\"},\"image\":{\"@id\":\"https:\/\/buehne12.ch\/#\/schema\/logo\/image\/\"}}]}<\/script>\n<!-- \/ Yoast SEO plugin. -->","yoast_head_json":{"title":"\u00dcber uns - B\u00dcHNE12","robots":{"index":"index","follow":"follow","max-snippet":"max-snippet:-1","max-image-preview":"max-image-preview:large","max-video-preview":"max-video-preview:-1"},"canonical":"https:\/\/buehne12.ch\/?page_id=37","og_locale":"de_DE","og_type":"article","og_title":"\u00dcber uns - B\u00dcHNE12","og_description":"Wir sind B\u00dcHNE12 Der Theaterverein B\u00dcHNE12 ist aus zwei grossen Freilichttheater-Projekten entstanden, die in L\u00e4ufelfingen im SiLO12 f\u00fcr Begeisterung sorgten: der modernen Adaption von Lysistrata sowie dem eigens entwickelten St\u00fcck Hauenstein, das uns auf eine historische Reise durch die Entwicklung von L\u00e4ufelfingen mitnahm. Bei B\u00dcHNE12 stehen Menschen zwischen 18 und 90 Jahren gemeinsam auf der...","og_url":"https:\/\/buehne12.ch\/?page_id=37","og_site_name":"B\u00dcHNE12","article_modified_time":"2026-02-27T18:48:35+00:00","twitter_card":"summary_large_image","twitter_misc":{"Gesch\u00e4tzte Lesezeit":"1\u00a0Minute"},"schema":{"@context":"https:\/\/schema.org","@graph":[{"@type":"WebPage","@id":"https:\/\/buehne12.ch\/?page_id=37","url":"https:\/\/buehne12.ch\/?page_id=37","name":"\u00dcber uns - B\u00dcHNE12","isPartOf":{"@id":"https:\/\/buehne12.ch\/#website"},"datePublished":"2026-01-18T12:04:14+00:00","dateModified":"2026-02-27T18:48:35+00:00","breadcrumb":{"@id":"https:\/\/buehne12.ch\/?page_id=37#breadcrumb"},"inLanguage":"de-CH","potentialAction":[{"@type":"ReadAction","target":["https:\/\/buehne12.ch\/?page_id=37"]}]},{"@type":"BreadcrumbList","@id":"https:\/\/buehne12.ch\/?page_id=37#breadcrumb","itemListElement":[{"@type":"ListItem","position":1,"name":"Startseite","item":"https:\/\/buehne12.ch\/"},{"@type":"ListItem","position":2,"name":"\u00dcber uns"}]},{"@type":"WebSite","@id":"https:\/\/buehne12.ch\/#website","url":"https:\/\/buehne12.ch\/","name":"B\u00dcHNE12","description":"","publisher":{"@id":"https:\/\/buehne12.ch\/#organization"},"potentialAction":[{"@type":"SearchAction","target":{"@type":"EntryPoint","urlTemplate":"https:\/\/buehne12.ch\/?s={search_term_string}"},"query-input":{"@type":"PropertyValueSpecification","valueRequired":true,"valueName":"search_term_string"}}],"inLanguage":"de-CH"},{"@type":"Organization","@id":"https:\/\/buehne12.ch\/#organization","name":"B\u00dcHNE12","url":"https:\/\/buehne12.ch\/","logo":{"@type":"ImageObject","inLanguage":"de-CH","@id":"https:\/\/buehne12.ch\/#\/schema\/logo\/image\/","url":"https:\/\/buehne12.ch\/wp-content\/uploads\/2026\/01\/cropped-cropped-buehne12_webicon.jpg","contentUrl":"https:\/\/buehne12.ch\/wp-content\/uploads\/2026\/01\/cropped-cropped-buehne12_webicon.jpg","width":512,"height":259,"caption":"B\u00dcHNE12"},"image":{"@id":"https:\/\/buehne12.ch\/#\/schema\/logo\/image\/"}}]}},"_links":{"self":[{"href":"https:\/\/buehne12.ch\/index.php?rest_route=\/wp\/v2\/pages\/37","targetHints":{"allow":["GET"]}}],"collection":[{"href":"https:\/\/buehne12.ch\/index.php?rest_route=\/wp\/v2\/pages"}],"about":[{"href":"https:\/\/buehne12.ch\/index.php?rest_route=\/wp\/v2\/types\/page"}],"author":[{"embeddable":true,"href":"https:\/\/buehne12.ch\/index.php?rest_route=\/wp\/v2\/users\/2"}],"replies":[{"embeddable":true,"href":"https:\/\/buehne12.ch\/index.php?rest_route=%2Fwp%2Fv2%2Fcomments&post=37"}],"version-history":[{"count":3,"href":"https:\/\/buehne12.ch\/index.php?rest_route=\/wp\/v2\/pages\/37\/revisions"}],"predecessor-version":[{"id":191,"href":"https:\/\/buehne12.ch\/index.php?rest_route=\/wp\/v2\/pages\/37\/revisions\/191"}],"wp:attachment":[{"href":"https:\/\/buehne12.ch\/index.php?rest_route=%2Fwp%2Fv2%2Fmedia&parent=37"}],"curies":[{"name":"wp","href":"https:\/\/api.w.org\/{rel}","templated":true}]}}